{"id":1323,"date":"2026-01-11T03:03:43","date_gmt":"2026-01-11T03:03:43","guid":{"rendered":"https:\/\/casaruralcasadelsol.es\/index.php\/wpbc-my-booking\/"},"modified":"2026-01-29T11:26:51","modified_gmt":"2026-01-29T11:26:51","slug":"wpbc-my-booking","status":"publish","type":"page","link":"https:\/\/casaruralcasadelsol.es\/index.php\/wpbc-my-booking\/","title":{"rendered":"Mi reserva"},"content":{"rendered":"\t\t<div data-elementor-type=\"wp-page\" data-elementor-id=\"1323\" class=\"elementor elementor-1323\" data-elementor-post-type=\"page\">\n\t\t\t\t<div class=\"elementor-element elementor-element-3333aa89 e-flex e-con-boxed e-con e-parent\" data-id=\"3333aa89\" data-element_type=\"container\" data-e-type=\"container\" data-settings=\"{&quot;background_background&quot;:&quot;classic&quot;}\">\n\t\t\t\t\t<div class=\"e-con-inner\">\n\t\t<div class=\"elementor-element elementor-element-b5c545c e-con-full e-flex e-con e-child\" data-id=\"b5c545c\" data-element_type=\"container\" data-e-type=\"container\" data-settings=\"{&quot;background_background&quot;:&quot;classic&quot;}\">\n\t\t\t\t<div class=\"elementor-element elementor-element-54b6f9e0 elementor-widget elementor-widget-shortcode\" data-id=\"54b6f9e0\" data-element_type=\"widget\" data-e-type=\"widget\" data-widget_type=\"shortcode.default\">\n\t\t\t\t\t\t\t<div class=\"elementor-shortcode\">Solo se puede acceder a esta p\u00e1gina a trav\u00e9s de los enlaces que aparecen en los correos electr\u00f3nicos relacionados con tu reserva. <br\/><em>Please check more about configuration at  <a href=\"https:\/\/wpbookingcalendar.com\/faq\/configure-editing-cancel-payment-bookings-for-visitors\/\" target=\"_blank\">this page<\/a>.<\/em><\/div>\n\t\t\t\t\t\t<\/div>\n\t\t\t\t<\/div>\n\t\t\t\t\t<\/div>\n\t\t\t\t<\/div>\n\t\t\t\t<\/div>\n\t\t","protected":false},"excerpt":{"rendered":"","protected":false},"author":0,"featured_media":0,"parent":0,"menu_order":0,"comment_status":"closed","ping_status":"closed","template":"","meta":{"footnotes":""},"class_list":["post-1323","page","type-page","status-publish","hentry"],"yoast_head":"<!-- This site is optimized with the Yoast SEO plugin v27.5 - https:\/\/yoast.com\/product\/yoast-seo-wordpress\/ -->\n<title>Mi reserva - Casa Rural del Sol<\/title>\n<meta name=\"robots\" content=\"index, follow, max-snippet:-1, max-image-preview:large, max-video-preview:-1\" \/>\n<link rel=\"canonical\" href=\"https:\/\/casaruralcasadelsol.es\/index.php\/wpbc-my-booking\/\" \/>\n<meta property=\"og:locale\" content=\"es_ES\" \/>\n<meta property=\"og:type\" content=\"article\" \/>\n<meta property=\"og:title\" content=\"Mi reserva - Casa Rural del Sol\" \/>\n<meta property=\"og:url\" content=\"https:\/\/casaruralcasadelsol.es\/index.php\/wpbc-my-booking\/\" \/>\n<meta property=\"og:site_name\" content=\"Casa Rural del Sol\" \/>\n<meta property=\"article:modified_time\" content=\"2026-01-29T11:26:51+00:00\" \/>\n<meta name=\"twitter:card\" content=\"summary_large_image\" \/>\n<meta name=\"twitter:label1\" content=\"Tiempo de lectura\" \/>\n\t<meta name=\"twitter:data1\" content=\"1 minuto\" \/>\n<script type=\"application\/ld+json\" class=\"yoast-schema-graph\">{\"@context\":\"https:\\\/\\\/schema.org\",\"@graph\":[{\"@type\":\"WebPage\",\"@id\":\"https:\\\/\\\/casaruralcasadelsol.es\\\/index.php\\\/wpbc-my-booking\\\/\",\"url\":\"https:\\\/\\\/casaruralcasadelsol.es\\\/index.php\\\/wpbc-my-booking\\\/\",\"name\":\"Mi reserva - Casa Rural del Sol\",\"isPartOf\":{\"@id\":\"https:\\\/\\\/casaruralcasadelsol.es\\\/#website\"},\"datePublished\":\"2026-01-11T03:03:43+00:00\",\"dateModified\":\"2026-01-29T11:26:51+00:00\",\"breadcrumb\":{\"@id\":\"https:\\\/\\\/casaruralcasadelsol.es\\\/index.php\\\/wpbc-my-booking\\\/#breadcrumb\"},\"inLanguage\":\"es\",\"potentialAction\":[{\"@type\":\"ReadAction\",\"target\":[\"https:\\\/\\\/casaruralcasadelsol.es\\\/index.php\\\/wpbc-my-booking\\\/\"]}]},{\"@type\":\"BreadcrumbList\",\"@id\":\"https:\\\/\\\/casaruralcasadelsol.es\\\/index.php\\\/wpbc-my-booking\\\/#breadcrumb\",\"itemListElement\":[{\"@type\":\"ListItem\",\"position\":1,\"name\":\"Portada\",\"item\":\"https:\\\/\\\/casaruralcasadelsol.es\\\/\"},{\"@type\":\"ListItem\",\"position\":2,\"name\":\"Mi reserva\"}]},{\"@type\":\"WebSite\",\"@id\":\"https:\\\/\\\/casaruralcasadelsol.es\\\/#website\",\"url\":\"https:\\\/\\\/casaruralcasadelsol.es\\\/\",\"name\":\"Casa Rural del Sol\",\"description\":\"\",\"publisher\":{\"@id\":\"https:\\\/\\\/casaruralcasadelsol.es\\\/#organization\"},\"potentialAction\":[{\"@type\":\"SearchAction\",\"target\":{\"@type\":\"EntryPoint\",\"urlTemplate\":\"https:\\\/\\\/casaruralcasadelsol.es\\\/?s={search_term_string}\"},\"query-input\":{\"@type\":\"PropertyValueSpecification\",\"valueRequired\":true,\"valueName\":\"search_term_string\"}}],\"inLanguage\":\"es\"},{\"@type\":\"Organization\",\"@id\":\"https:\\\/\\\/casaruralcasadelsol.es\\\/#organization\",\"name\":\"Casa Rural del Sol\",\"url\":\"https:\\\/\\\/casaruralcasadelsol.es\\\/\",\"logo\":{\"@type\":\"ImageObject\",\"inLanguage\":\"es\",\"@id\":\"https:\\\/\\\/casaruralcasadelsol.es\\\/#\\\/schema\\\/logo\\\/image\\\/\",\"url\":\"https:\\\/\\\/casaruralcasadelsol.es\\\/wp-content\\\/uploads\\\/2025\\\/10\\\/cropped-logo-1.gif\",\"contentUrl\":\"https:\\\/\\\/casaruralcasadelsol.es\\\/wp-content\\\/uploads\\\/2025\\\/10\\\/cropped-logo-1.gif\",\"width\":809,\"height\":800,\"caption\":\"Casa Rural del Sol\"},\"image\":{\"@id\":\"https:\\\/\\\/casaruralcasadelsol.es\\\/#\\\/schema\\\/logo\\\/image\\\/\"}}]}<\/script>\n<!-- \/ Yoast SEO plugin. -->","yoast_head_json":{"title":"Mi reserva - Casa Rural del Sol","robots":{"index":"index","follow":"follow","max-snippet":"max-snippet:-1","max-image-preview":"max-image-preview:large","max-video-preview":"max-video-preview:-1"},"canonical":"https:\/\/casaruralcasadelsol.es\/index.php\/wpbc-my-booking\/","og_locale":"es_ES","og_type":"article","og_title":"Mi reserva - Casa Rural del Sol","og_url":"https:\/\/casaruralcasadelsol.es\/index.php\/wpbc-my-booking\/","og_site_name":"Casa Rural del Sol","article_modified_time":"2026-01-29T11:26:51+00:00","twitter_card":"summary_large_image","twitter_misc":{"Tiempo de lectura":"1 minuto"},"schema":{"@context":"https:\/\/schema.org","@graph":[{"@type":"WebPage","@id":"https:\/\/casaruralcasadelsol.es\/index.php\/wpbc-my-booking\/","url":"https:\/\/casaruralcasadelsol.es\/index.php\/wpbc-my-booking\/","name":"Mi reserva - Casa Rural del Sol","isPartOf":{"@id":"https:\/\/casaruralcasadelsol.es\/#website"},"datePublished":"2026-01-11T03:03:43+00:00","dateModified":"2026-01-29T11:26:51+00:00","breadcrumb":{"@id":"https:\/\/casaruralcasadelsol.es\/index.php\/wpbc-my-booking\/#breadcrumb"},"inLanguage":"es","potentialAction":[{"@type":"ReadAction","target":["https:\/\/casaruralcasadelsol.es\/index.php\/wpbc-my-booking\/"]}]},{"@type":"BreadcrumbList","@id":"https:\/\/casaruralcasadelsol.es\/index.php\/wpbc-my-booking\/#breadcrumb","itemListElement":[{"@type":"ListItem","position":1,"name":"Portada","item":"https:\/\/casaruralcasadelsol.es\/"},{"@type":"ListItem","position":2,"name":"Mi reserva"}]},{"@type":"WebSite","@id":"https:\/\/casaruralcasadelsol.es\/#website","url":"https:\/\/casaruralcasadelsol.es\/","name":"Casa Rural del Sol","description":"","publisher":{"@id":"https:\/\/casaruralcasadelsol.es\/#organization"},"potentialAction":[{"@type":"SearchAction","target":{"@type":"EntryPoint","urlTemplate":"https:\/\/casaruralcasadelsol.es\/?s={search_term_string}"},"query-input":{"@type":"PropertyValueSpecification","valueRequired":true,"valueName":"search_term_string"}}],"inLanguage":"es"},{"@type":"Organization","@id":"https:\/\/casaruralcasadelsol.es\/#organization","name":"Casa Rural del Sol","url":"https:\/\/casaruralcasadelsol.es\/","logo":{"@type":"ImageObject","inLanguage":"es","@id":"https:\/\/casaruralcasadelsol.es\/#\/schema\/logo\/image\/","url":"https:\/\/casaruralcasadelsol.es\/wp-content\/uploads\/2025\/10\/cropped-logo-1.gif","contentUrl":"https:\/\/casaruralcasadelsol.es\/wp-content\/uploads\/2025\/10\/cropped-logo-1.gif","width":809,"height":800,"caption":"Casa Rural del Sol"},"image":{"@id":"https:\/\/casaruralcasadelsol.es\/#\/schema\/logo\/image\/"}}]}},"_links":{"self":[{"href":"https:\/\/casaruralcasadelsol.es\/index.php\/wp-json\/wp\/v2\/pages\/1323","targetHints":{"allow":["GET"]}}],"collection":[{"href":"https:\/\/casaruralcasadelsol.es\/index.php\/wp-json\/wp\/v2\/pages"}],"about":[{"href":"https:\/\/casaruralcasadelsol.es\/index.php\/wp-json\/wp\/v2\/types\/page"}],"replies":[{"embeddable":true,"href":"https:\/\/casaruralcasadelsol.es\/index.php\/wp-json\/wp\/v2\/comments?post=1323"}],"version-history":[{"count":3,"href":"https:\/\/casaruralcasadelsol.es\/index.php\/wp-json\/wp\/v2\/pages\/1323\/revisions"}],"predecessor-version":[{"id":1359,"href":"https:\/\/casaruralcasadelsol.es\/index.php\/wp-json\/wp\/v2\/pages\/1323\/revisions\/1359"}],"wp:attachment":[{"href":"https:\/\/casaruralcasadelsol.es\/index.php\/wp-json\/wp\/v2\/media?parent=1323"}],"curies":[{"name":"wp","href":"https:\/\/api.w.org\/{rel}","templated":true}]}}